{"id":17894,"date":"2026-01-23T11:10:57","date_gmt":"2026-01-23T10:10:57","guid":{"rendered":"https:\/\/easyadventurs.com\/climbing-in-c-valenciana\/"},"modified":"2026-05-06T09:19:20","modified_gmt":"2026-05-06T08:19:20","slug":"climbing-in-the-valencian-community","status":"publish","type":"page","link":"https:\/\/easyadventurs.com\/en\/climbing-in-the-valencian-community\/","title":{"rendered":"Climbing in C.Valenciana"},"content":{"rendered":"\t\t<div data-elementor-type=\"wp-page\" data-elementor-id=\"17894\" class=\"elementor elementor-17894 elementor-17217\">\n\t\t\t\t<div class=\"elementor-element elementor-element-73172ae e-flex e-con-boxed e-con e-parent\" data-id=\"73172ae\" data-element_type=\"container\" data-e-type=\"container\" data-settings=\"{&quot;background_background&quot;:&quot;classic&quot;}\">\n\t\t\t\t\t<div class=\"e-con-inner\">\n\t\t<div class=\"elementor-element elementor-element-29103eb e-con-full e-flex e-con e-child\" data-id=\"29103eb\" data-element_type=\"container\" data-e-type=\"container\" data-settings=\"{&quot;background_background&quot;:&quot;classic&quot;}\">\n\t\t\t\t<div class=\"elementor-element elementor-element-fcf7ef4 elementor-widget elementor-widget-heading\" data-id=\"fcf7ef4\" data-element_type=\"widget\" data-e-type=\"widget\" data-widget_type=\"heading.default\">\n\t\t\t\t<div class=\"elementor-widget-container\">\n\t\t\t\t\t<h1 class=\"elementor-heading-title elementor-size-default\">Climbing in the Valencian Community<\/h1>\t\t\t\t<\/div>\n\t\t\t\t<\/div>\n\t\t\t\t<div class=\"elementor-element elementor-element-0cbe81b elementor-widget elementor-widget-heading\" data-id=\"0cbe81b\" data-element_type=\"widget\" data-e-type=\"widget\" data-widget_type=\"heading.default\">\n\t\t\t\t<div class=\"elementor-widget-container\">\n\t\t\t\t\t<p class=\"elementor-heading-title elementor-size-default\">\n\n<\/p>\t\t\t\t<\/div>\n\t\t\t\t<\/div>\n\t\t\t\t<\/div>\n\t\t\t\t\t<\/div>\n\t\t\t\t<\/div>\n\t\t<div class=\"elementor-element elementor-element-38121e0 e-flex e-con-boxed e-con e-parent\" data-id=\"38121e0\" data-element_type=\"container\" data-e-type=\"container\">\n\t\t\t\t\t<div class=\"e-con-inner\">\n\t\t\t\t<div class=\"elementor-element elementor-element-da48a28 elementor-widget elementor-widget-heading\" data-id=\"da48a28\" data-element_type=\"widget\" data-e-type=\"widget\" data-widget_type=\"heading.default\">\n\t\t\t\t<div class=\"elementor-widget-container\">\n\t\t\t\t\t<h2 class=\"elementor-heading-title elementor-size-default\">Climbing in Valencia, Alicante or Castell\u00f3n<\/h2>\t\t\t\t<\/div>\n\t\t\t\t<\/div>\n\t\t\t\t\t<\/div>\n\t\t\t\t<\/div>\n\t\t<div class=\"elementor-element elementor-element-39eb611 e-flex e-con-boxed e-con e-parent\" data-id=\"39eb611\" data-element_type=\"container\" data-e-type=\"container\">\n\t\t\t\t\t<div class=\"e-con-inner\">\n\t\t\t\t<div class=\"elementor-element elementor-element-89f9ac4 elementor-widget elementor-widget-st_list_service\" data-id=\"89f9ac4\" data-element_type=\"widget\" data-e-type=\"widget\" data-settings=\"{&quot;type_form&quot;:&quot;single&quot;,&quot;order&quot;:&quot;ASC&quot;,&quot;item_row&quot;:&quot;3&quot;}\" data-widget_type=\"st_list_service.default\">\n\t\t\t\t<div class=\"elementor-widget-container\">\n\t\t\t\t\t<div class=\"st-list-service grid style_1\"\r\n     >\r\n    <div class=\"map-content-loading\">\r\n    <div class=\"st-loader\"><\/div>\r\n<\/div>        <div class=\"multi-service-wrapper\">\r\n        <div class=\"tab-content st_activity\"><div class=\"service-list-wrapper row\"><div class=\"item-tour st-item-activity col-lg-4 col-sm-6 col-md-6\" itemscope itemtype=\"https:\/\/schema.org\/Event\">\r\n    <div class=\"item item-tours service-border st-border-radius\"  itemprop=\"event\">\r\n        <div class=\"featured-image\">\r\n                                        <a href=\"#\" class=\"login\" data-bs-toggle=\"modal\" data-target=\"#st-login-form\">\r\n                    <div class=\"service-add-wishlist\" title=\"Add to wishlist\">\r\n                        <i class=\"fa fa-heart\"><\/i>\r\n                        <div class=\"lds-dual-ring\"><\/div>\r\n                    <\/div>\r\n                <\/a>\r\n                        <div class=\"service-tag bestseller\">\r\n                            <\/div>\r\n            <a href=\"https:\/\/easyadventurs.com\/en\/activities\/climbing-in-xativa\/\" itemprop=\"url\">\r\n                <img fetchpriority=\"high\" decoding=\"async\" width=\"900\" height=\"600\" src=\"https:\/\/easyadventurs.com\/wp-content\/uploads\/2026\/01\/1745561279017-1-scaled-900x600.jpg\" class=\"img-responsive wp-post-image\" alt=\"Climbing in X\u00e1tiva\" itemprop=\"image\" \/>            <\/a>\r\n                        <a href=\"\/en\/wp-json\/wp\/v2\/pages\/17894?partner_id=1\" target=\"_blank\" title=\"admin\"  class=\"service-avatar\"><\/a>        <\/div>\r\n        <div class=\"content-item\" itemscope itemtype=\"https:\/\/schema.org\/Place\">\r\n\r\n            <h3 class=\"title\" itemprop=\"name\"><a href=\"https:\/\/easyadventurs.com\/en\/activities\/climbing-in-xativa\/\">Climbing in X\u00e1tiva<\/a><\/h3>\r\n                            <p class=\"service-location plr15 location\" itemprop=\"location\">\r\n                    <span itemprop=\"address\" itemscope itemtype=\"https:\/\/schema.org\/PostalAddress\">\r\n                        <i class=\"input-icon st-border-radius field-icon fa\"><svg width=\"15px\" height=\"15px\" viewBox=\"0 0 24 24\" version=\"1.1\" xmlns=\"http:\/\/www.w3.org\/2000\/svg\" xmlns:xlink=\"http:\/\/www.w3.org\/1999\/xlink\">\r\n    <!-- Generator: Sketch 49 (51002) - http:\/\/www.bohemiancoding.com\/sketch -->\r\n    \r\n    <defs><\/defs>\r\n    <g id=\"Ico_maps\" stroke=\"none\" stroke-width=\"1\" fill=\"none\" fill-rule=\"evenodd\" stroke-linecap=\"round\" stroke-linejoin=\"round\">\r\n        <g transform=\"translate(4.000000, 0.000000)\" stroke=\"#666666\">\r\n            <g id=\"pin-1\" transform=\"translate(-0.000000, 0.000000)\">\r\n                <path d=\"M15.75,8.25 C15.75,12.471 12.817,14.899 10.619,17.25 C9.303,18.658 8.25,23.25 8.25,23.25 C8.25,23.25 7.2,18.661 5.887,17.257 C3.687,14.907 0.75,12.475 0.75,8.25 C0.75,4.10786438 4.10786438,0.75 8.25,0.75 C12.3921356,0.75 15.75,4.10786438 15.75,8.25 Z\"><\/path>\r\n                <circle  cx=\"8.25\" cy=\"8.25\" r=\"3\"><\/circle>\r\n            <\/g>\r\n        <\/g>\r\n    <\/g>\r\n<\/svg><\/i>The activity takes place in different climbing areas around X\u00e0tiva, in the interior of the province of Valencia. The choice of sector depends on the group&#039;s level, the orientation, and the weather conditions of the day.                    <\/span>\r\n                <\/p>\r\n                                    <div class=\"event-date d-none\" itemprop=\"startDate\" content=\"2026-05-08 17:28:25\">2026-05-08 17:28:25<\/div>\r\n            <div class=\"section-footer\">\r\n                <div class=\"reviews d-flex align-items-center\" itemprop=\"starRating\" itemscope itemtype=\"https:\/\/schema.org\/Rating\">\r\n                    \r\n                                        <span class=\"summary\">\r\n                        No Review                    <\/span>\r\n                <\/div>\r\n                <div class=\"footer-inner d-flex align-items-center justify-content-between\">\r\n                                        <div class=\"price-wrapper d-flex align-items-center \" itemprop=\"priceRange\">\r\n                        <span>\r\n                            <i class=\"input-icon st-border-radius field-icon fa\"><svg width=\"10px\" height=\"16px\" viewBox=\"0 0 11 18\" version=\"1.1\" xmlns=\"http:\/\/www.w3.org\/2000\/svg\" xmlns:xlink=\"http:\/\/www.w3.org\/1999\/xlink\">\r\n    <!-- Generator: Sketch 49 (51002) - http:\/\/www.bohemiancoding.com\/sketch -->\r\n    \r\n    <defs><\/defs>\r\n    <g stroke=\"none\" stroke-width=\"1\" fill=\"none\" fill-rule=\"evenodd\">\r\n        <g id=\"Room_Only_Detail_1\" transform=\"translate(-135.000000, -4858.000000)\" fill=\"#ffab53\" fill-rule=\"nonzero\">\r\n            <g id=\"nearby-hotel\" transform=\"translate(130.000000, 4334.000000)\">\r\n                <g id=\"h1-g\" transform=\"translate(5.000000, 136.000000)\">\r\n                    <g id=\"hotel-grid\">\r\n                        <g id=\"price\" transform=\"translate(0.000000, 383.000000)\">\r\n                            <g id=\"thunder\" transform=\"translate(0.000000, 5.000000)\">\r\n                                <path d=\"M10.0143234,6.99308716 C9.91102517,6.83252576 9.73362166,6.73708716 9.54386728,6.73708716 L5.61404272,6.73708716 L5.61404272,0.561648567 C5.61404272,0.296666111 5.42877956,0.0676134793 5.16941114,0.0125959355 C4.90555149,-0.0435444154 4.64730587,0.0923152337 4.5395164,0.333718743 L0.0482883306,10.4389819 C-0.0291853536,10.6118942 -0.0123432484,10.8139994 0.0909549973,10.9723152 C0.194253243,11.1317538 0.371656752,11.2283152 0.561411138,11.2283152 L4.4912357,11.2283152 L4.4912357,17.4037538 C4.4912357,17.6687363 4.67649886,17.8977889 4.93586728,17.9528065 C4.97516552,17.9606661 5.01446377,17.9651573 5.05263921,17.9651573 C5.27046377,17.9651573 5.47369184,17.8382801 5.56576201,17.6316837 L10.0569901,7.5264205 C10.133341,7.35238541 10.1187445,7.15252576 10.0143234,6.99308716 Z\"><\/path>\r\n                            <\/g>\r\n                        <\/g>\r\n                    <\/g>\r\n                <\/g>\r\n            <\/g>\r\n        <\/g>\r\n    <\/g>\r\n<\/svg><\/i>                                <span class=\"fr_text\">from<\/span>\r\n                        <\/span>\r\n                        <span class=\"price\">\r\n                            <span class=\"text-lg lh1em item \"> 160.00\u20ac<\/span>                        <\/span>\r\n                    <\/div>\r\n                <\/div>\r\n            <\/div>\r\n        <\/div>\r\n    <\/div>\r\n<\/div>\r\n<div class=\"item-tour st-item-activity col-lg-4 col-sm-6 col-md-6\" itemscope itemtype=\"https:\/\/schema.org\/Event\">\r\n    <div class=\"item item-tours service-border st-border-radius\"  itemprop=\"event\">\r\n        <div class=\"featured-image\">\r\n                                        <a href=\"#\" class=\"login\" data-bs-toggle=\"modal\" data-target=\"#st-login-form\">\r\n                    <div class=\"service-add-wishlist\" title=\"Add to wishlist\">\r\n                        <i class=\"fa fa-heart\"><\/i>\r\n                        <div class=\"lds-dual-ring\"><\/div>\r\n                    <\/div>\r\n                <\/a>\r\n                        <div class=\"service-tag bestseller\">\r\n                            <\/div>\r\n            <a href=\"https:\/\/easyadventurs.com\/en\/activities\/climbing-in-montanejos\/\" itemprop=\"url\">\r\n                <img decoding=\"async\" width=\"900\" height=\"600\" data-src=\"https:\/\/easyadventurs.com\/wp-content\/uploads\/2026\/01\/Escalada2-1-scaled-900x600.jpg\" class=\"img-responsive wp-post-image lazyload\" alt=\"Climbing in Montanejos\" itemprop=\"image\" src=\"data:image\/svg+xml;base64,PHN2ZyB3aWR0aD0iMSIgaGVpZ2h0PSIxIiB4bWxucz0iaHR0cDovL3d3dy53My5vcmcvMjAwMC9zdmciPjwvc3ZnPg==\" style=\"--smush-placeholder-width: 900px; --smush-placeholder-aspect-ratio: 900\/600;\" \/>            <\/a>\r\n                        <a href=\"\/en\/wp-json\/wp\/v2\/pages\/17894?partner_id=1\" target=\"_blank\" title=\"admin\"  class=\"service-avatar\"><\/a>        <\/div>\r\n        <div class=\"content-item\" itemscope itemtype=\"https:\/\/schema.org\/Place\">\r\n\r\n            <h3 class=\"title\" itemprop=\"name\"><a href=\"https:\/\/easyadventurs.com\/en\/activities\/climbing-in-montanejos\/\">Climbing in Montanejos<\/a><\/h3>\r\n                            <p class=\"service-location plr15 location\" itemprop=\"location\">\r\n                    <span itemprop=\"address\" itemscope itemtype=\"https:\/\/schema.org\/PostalAddress\">\r\n                        <i class=\"input-icon st-border-radius field-icon fa\"><svg width=\"15px\" height=\"15px\" viewBox=\"0 0 24 24\" version=\"1.1\" xmlns=\"http:\/\/www.w3.org\/2000\/svg\" xmlns:xlink=\"http:\/\/www.w3.org\/1999\/xlink\">\r\n    <!-- Generator: Sketch 49 (51002) - http:\/\/www.bohemiancoding.com\/sketch -->\r\n    \r\n    <defs><\/defs>\r\n    <g id=\"Ico_maps\" stroke=\"none\" stroke-width=\"1\" fill=\"none\" fill-rule=\"evenodd\" stroke-linecap=\"round\" stroke-linejoin=\"round\">\r\n        <g transform=\"translate(4.000000, 0.000000)\" stroke=\"#666666\">\r\n            <g id=\"pin-1\" transform=\"translate(-0.000000, 0.000000)\">\r\n                <path d=\"M15.75,8.25 C15.75,12.471 12.817,14.899 10.619,17.25 C9.303,18.658 8.25,23.25 8.25,23.25 C8.25,23.25 7.2,18.661 5.887,17.257 C3.687,14.907 0.75,12.475 0.75,8.25 C0.75,4.10786438 4.10786438,0.75 8.25,0.75 C12.3921356,0.75 15.75,4.10786438 15.75,8.25 Z\"><\/path>\r\n                <circle  cx=\"8.25\" cy=\"8.25\" r=\"3\"><\/circle>\r\n            <\/g>\r\n        <\/g>\r\n    <\/g>\r\n<\/svg><\/i>The activity takes place in different climbing sectors of Montanejos and its surroundings, in the interior of the province of Castell\u00f3n, within the valley of the Mijares river. The choice of sector depends on the group&#039;s level, orientation, and weather conditions.                    <\/span>\r\n                <\/p>\r\n                                    <div class=\"event-date d-none\" itemprop=\"startDate\" content=\"2026-05-08 17:28:25\">2026-05-08 17:28:25<\/div>\r\n            <div class=\"section-footer\">\r\n                <div class=\"reviews d-flex align-items-center\" itemprop=\"starRating\" itemscope itemtype=\"https:\/\/schema.org\/Rating\">\r\n                    \r\n                                        <span class=\"summary\">\r\n                        No Review                    <\/span>\r\n                <\/div>\r\n                <div class=\"footer-inner d-flex align-items-center justify-content-between\">\r\n                                        <div class=\"price-wrapper d-flex align-items-center \" itemprop=\"priceRange\">\r\n                        <span>\r\n                            <i class=\"input-icon st-border-radius field-icon fa\"><svg width=\"10px\" height=\"16px\" viewBox=\"0 0 11 18\" version=\"1.1\" xmlns=\"http:\/\/www.w3.org\/2000\/svg\" xmlns:xlink=\"http:\/\/www.w3.org\/1999\/xlink\">\r\n    <!-- Generator: Sketch 49 (51002) - http:\/\/www.bohemiancoding.com\/sketch -->\r\n    \r\n    <defs><\/defs>\r\n    <g stroke=\"none\" stroke-width=\"1\" fill=\"none\" fill-rule=\"evenodd\">\r\n        <g id=\"Room_Only_Detail_1\" transform=\"translate(-135.000000, -4858.000000)\" fill=\"#ffab53\" fill-rule=\"nonzero\">\r\n            <g id=\"nearby-hotel\" transform=\"translate(130.000000, 4334.000000)\">\r\n                <g id=\"h1-g\" transform=\"translate(5.000000, 136.000000)\">\r\n                    <g id=\"hotel-grid\">\r\n                        <g id=\"price\" transform=\"translate(0.000000, 383.000000)\">\r\n                            <g id=\"thunder\" transform=\"translate(0.000000, 5.000000)\">\r\n                                <path d=\"M10.0143234,6.99308716 C9.91102517,6.83252576 9.73362166,6.73708716 9.54386728,6.73708716 L5.61404272,6.73708716 L5.61404272,0.561648567 C5.61404272,0.296666111 5.42877956,0.0676134793 5.16941114,0.0125959355 C4.90555149,-0.0435444154 4.64730587,0.0923152337 4.5395164,0.333718743 L0.0482883306,10.4389819 C-0.0291853536,10.6118942 -0.0123432484,10.8139994 0.0909549973,10.9723152 C0.194253243,11.1317538 0.371656752,11.2283152 0.561411138,11.2283152 L4.4912357,11.2283152 L4.4912357,17.4037538 C4.4912357,17.6687363 4.67649886,17.8977889 4.93586728,17.9528065 C4.97516552,17.9606661 5.01446377,17.9651573 5.05263921,17.9651573 C5.27046377,17.9651573 5.47369184,17.8382801 5.56576201,17.6316837 L10.0569901,7.5264205 C10.133341,7.35238541 10.1187445,7.15252576 10.0143234,6.99308716 Z\"><\/path>\r\n                            <\/g>\r\n                        <\/g>\r\n                    <\/g>\r\n                <\/g>\r\n            <\/g>\r\n        <\/g>\r\n    <\/g>\r\n<\/svg><\/i>                                <span class=\"fr_text\">from<\/span>\r\n                        <\/span>\r\n                        <span class=\"price\">\r\n                            <span class=\"text-lg lh1em item \"> 160.00\u20ac<\/span>                        <\/span>\r\n                    <\/div>\r\n                <\/div>\r\n            <\/div>\r\n        <\/div>\r\n    <\/div>\r\n<\/div>\r\n<div class=\"item-tour st-item-activity col-lg-4 col-sm-6 col-md-6\" itemscope itemtype=\"https:\/\/schema.org\/Event\">\r\n    <div class=\"item item-tours service-border st-border-radius\"  itemprop=\"event\">\r\n        <div class=\"featured-image\">\r\n                                        <a href=\"#\" class=\"login\" data-bs-toggle=\"modal\" data-target=\"#st-login-form\">\r\n                    <div class=\"service-add-wishlist\" title=\"Add to wishlist\">\r\n                        <i class=\"fa fa-heart\"><\/i>\r\n                        <div class=\"lds-dual-ring\"><\/div>\r\n                    <\/div>\r\n                <\/a>\r\n                        <div class=\"service-tag bestseller\">\r\n                            <\/div>\r\n            <a href=\"https:\/\/easyadventurs.com\/en\/activities\/escalada-in-chulilla\/\" itemprop=\"url\">\r\n                <img decoding=\"async\" width=\"900\" height=\"600\" data-src=\"https:\/\/easyadventurs.com\/wp-content\/uploads\/2026\/01\/Escalada_Chulilla3-1-900x600.jpg\" class=\"img-responsive wp-post-image lazyload\" alt=\"Climbing in Chulilla\" itemprop=\"image\" src=\"data:image\/svg+xml;base64,PHN2ZyB3aWR0aD0iMSIgaGVpZ2h0PSIxIiB4bWxucz0iaHR0cDovL3d3dy53My5vcmcvMjAwMC9zdmciPjwvc3ZnPg==\" style=\"--smush-placeholder-width: 900px; --smush-placeholder-aspect-ratio: 900\/600;\" \/>            <\/a>\r\n                        <a href=\"\/en\/wp-json\/wp\/v2\/pages\/17894?partner_id=1\" target=\"_blank\" title=\"admin\"  class=\"service-avatar\"><\/a>        <\/div>\r\n        <div class=\"content-item\" itemscope itemtype=\"https:\/\/schema.org\/Place\">\r\n\r\n            <h3 class=\"title\" itemprop=\"name\"><a href=\"https:\/\/easyadventurs.com\/en\/activities\/escalada-in-chulilla\/\">Climbing in Chulilla<\/a><\/h3>\r\n                            <p class=\"service-location plr15 location\" itemprop=\"location\">\r\n                    <span itemprop=\"address\" itemscope itemtype=\"https:\/\/schema.org\/PostalAddress\">\r\n                        <i class=\"input-icon st-border-radius field-icon fa\"><svg width=\"15px\" height=\"15px\" viewBox=\"0 0 24 24\" version=\"1.1\" xmlns=\"http:\/\/www.w3.org\/2000\/svg\" xmlns:xlink=\"http:\/\/www.w3.org\/1999\/xlink\">\r\n    <!-- Generator: Sketch 49 (51002) - http:\/\/www.bohemiancoding.com\/sketch -->\r\n    \r\n    <defs><\/defs>\r\n    <g id=\"Ico_maps\" stroke=\"none\" stroke-width=\"1\" fill=\"none\" fill-rule=\"evenodd\" stroke-linecap=\"round\" stroke-linejoin=\"round\">\r\n        <g transform=\"translate(4.000000, 0.000000)\" stroke=\"#666666\">\r\n            <g id=\"pin-1\" transform=\"translate(-0.000000, 0.000000)\">\r\n                <path d=\"M15.75,8.25 C15.75,12.471 12.817,14.899 10.619,17.25 C9.303,18.658 8.25,23.25 8.25,23.25 C8.25,23.25 7.2,18.661 5.887,17.257 C3.687,14.907 0.75,12.475 0.75,8.25 C0.75,4.10786438 4.10786438,0.75 8.25,0.75 C12.3921356,0.75 15.75,4.10786438 15.75,8.25 Z\"><\/path>\r\n                <circle  cx=\"8.25\" cy=\"8.25\" r=\"3\"><\/circle>\r\n            <\/g>\r\n        <\/g>\r\n    <\/g>\r\n<\/svg><\/i>The activity takes place in the different climbing sectors of Chulilla, in the interior of the province of Valencia, within the natural environment of the Turia river canyon. The choice of sector depends on the level, orientation, and weather conditions.                    <\/span>\r\n                <\/p>\r\n                                    <div class=\"event-date d-none\" itemprop=\"startDate\" content=\"2026-05-08 17:28:25\">2026-05-08 17:28:25<\/div>\r\n            <div class=\"section-footer\">\r\n                <div class=\"reviews d-flex align-items-center\" itemprop=\"starRating\" itemscope itemtype=\"https:\/\/schema.org\/Rating\">\r\n                    \r\n                                        <span class=\"summary\">\r\n                        No Review                    <\/span>\r\n                <\/div>\r\n                <div class=\"footer-inner d-flex align-items-center justify-content-between\">\r\n                                        <div class=\"price-wrapper d-flex align-items-center \" itemprop=\"priceRange\">\r\n                        <span>\r\n                            <i class=\"input-icon st-border-radius field-icon fa\"><svg width=\"10px\" height=\"16px\" viewBox=\"0 0 11 18\" version=\"1.1\" xmlns=\"http:\/\/www.w3.org\/2000\/svg\" xmlns:xlink=\"http:\/\/www.w3.org\/1999\/xlink\">\r\n    <!-- Generator: Sketch 49 (51002) - http:\/\/www.bohemiancoding.com\/sketch -->\r\n    \r\n    <defs><\/defs>\r\n    <g stroke=\"none\" stroke-width=\"1\" fill=\"none\" fill-rule=\"evenodd\">\r\n        <g id=\"Room_Only_Detail_1\" transform=\"translate(-135.000000, -4858.000000)\" fill=\"#ffab53\" fill-rule=\"nonzero\">\r\n            <g id=\"nearby-hotel\" transform=\"translate(130.000000, 4334.000000)\">\r\n                <g id=\"h1-g\" transform=\"translate(5.000000, 136.000000)\">\r\n                    <g id=\"hotel-grid\">\r\n                        <g id=\"price\" transform=\"translate(0.000000, 383.000000)\">\r\n                            <g id=\"thunder\" transform=\"translate(0.000000, 5.000000)\">\r\n                                <path d=\"M10.0143234,6.99308716 C9.91102517,6.83252576 9.73362166,6.73708716 9.54386728,6.73708716 L5.61404272,6.73708716 L5.61404272,0.561648567 C5.61404272,0.296666111 5.42877956,0.0676134793 5.16941114,0.0125959355 C4.90555149,-0.0435444154 4.64730587,0.0923152337 4.5395164,0.333718743 L0.0482883306,10.4389819 C-0.0291853536,10.6118942 -0.0123432484,10.8139994 0.0909549973,10.9723152 C0.194253243,11.1317538 0.371656752,11.2283152 0.561411138,11.2283152 L4.4912357,11.2283152 L4.4912357,17.4037538 C4.4912357,17.6687363 4.67649886,17.8977889 4.93586728,17.9528065 C4.97516552,17.9606661 5.01446377,17.9651573 5.05263921,17.9651573 C5.27046377,17.9651573 5.47369184,17.8382801 5.56576201,17.6316837 L10.0569901,7.5264205 C10.133341,7.35238541 10.1187445,7.15252576 10.0143234,6.99308716 Z\"><\/path>\r\n                            <\/g>\r\n                        <\/g>\r\n                    <\/g>\r\n                <\/g>\r\n            <\/g>\r\n        <\/g>\r\n    <\/g>\r\n<\/svg><\/i>                                <span class=\"fr_text\">from<\/span>\r\n                        <\/span>\r\n                        <span class=\"price\">\r\n                            <span class=\"text-lg lh1em item \"> 160.00\u20ac<\/span>                        <\/span>\r\n                    <\/div>\r\n                <\/div>\r\n            <\/div>\r\n        <\/div>\r\n    <\/div>\r\n<\/div>\r\n<\/div><\/div>\r\n    <\/div>\r\n<\/div>\r\n\t\t\t\t<\/div>\n\t\t\t\t<\/div>\n\t\t\t\t\t<\/div>\n\t\t\t\t<\/div>\n\t\t\t\t<\/div>\n\t\t","protected":false},"excerpt":{"rendered":"<p>Climbing in the Valencian Community Climbing in Valencia, Alicante or Castell\u00f3n Climbing in X\u00e1tiva The activity takes place in different climbing areas around X\u00e0tiva, in the interior of the province of Valencia. The choice of sector depends on the group&#039;s level, the orientation, and the weather conditions of the day. 2026-05-06 08:19:20 Sin rese\u00f1a desde [&hellip;]<\/p>\n","protected":false},"author":1,"featured_media":17663,"parent":0,"menu_order":0,"comment_status":"closed","ping_status":"closed","template":"template-blank.php","meta":{"_acf_changed":false,"footnotes":""},"class_list":["post-17894","page","type-page","status-publish","has-post-thumbnail","hentry"],"acf":[],"_links":{"self":[{"href":"https:\/\/easyadventurs.com\/en\/wp-json\/wp\/v2\/pages\/17894","targetHints":{"allow":["GET"]}}],"collection":[{"href":"https:\/\/easyadventurs.com\/en\/wp-json\/wp\/v2\/pages"}],"about":[{"href":"https:\/\/easyadventurs.com\/en\/wp-json\/wp\/v2\/types\/page"}],"author":[{"embeddable":true,"href":"https:\/\/easyadventurs.com\/en\/wp-json\/wp\/v2\/users\/1"}],"replies":[{"embeddable":true,"href":"https:\/\/easyadventurs.com\/en\/wp-json\/wp\/v2\/comments?post=17894"}],"version-history":[{"count":27,"href":"https:\/\/easyadventurs.com\/en\/wp-json\/wp\/v2\/pages\/17894\/revisions"}],"predecessor-version":[{"id":21345,"href":"https:\/\/easyadventurs.com\/en\/wp-json\/wp\/v2\/pages\/17894\/revisions\/21345"}],"wp:featuredmedia":[{"embeddable":true,"href":"https:\/\/easyadventurs.com\/en\/wp-json\/wp\/v2\/media\/17663"}],"wp:attachment":[{"href":"https:\/\/easyadventurs.com\/en\/wp-json\/wp\/v2\/media?parent=17894"}],"curies":[{"name":"wp","href":"https:\/\/api.w.org\/{rel}","templated":true}]}}